{"id":94793,"date":"-0001-11-30T00:00:00","date_gmt":"-0001-11-30T04:56:16","guid":{"rendered":""},"modified":"-0001-11-30T00:00:00","modified_gmt":"-0001-11-30T05:00:00","slug":"94793","status":"publish","type":"product","link":"https:\/\/saturnotek.com\/hogar\/producto\/94793\/","title":{"rendered":"Base De Microfono LOGITECH Rally COLOR Negro"},"content":{"rendered":"<p>Name: Base De Microfono LOGITECH Rally COLOR Negro <\/p>\n<p>                    Description: Con un dise\u00f1o atractivo y discreto, y materiales de primera calidad, estas bases de micr\u00f3fono ofrecen un sonido claro y natural. Las bases individuales contienen varios elementos de formaci\u00f3n de haces para capturar la voz, no el ruido causante de distracciones. En salas grandes se pueden instalar m\u00e1s bases para ampliar la matriz de formaci\u00f3n de haces en todo el entorno. <\/p>\n<p>                    Sku: 989-000430 <\/p>\n","protected":false},"excerpt":{"rendered":"<p>Base De Microfono LOGITECH Rally COLOR Negro<\/p>\n","protected":false},"featured_media":95034,"comment_status":"open","ping_status":"closed","template":"","meta":{"_acf_changed":false,"_et_pb_use_builder":"","_et_pb_old_content":"","_et_gb_content_width":"","_joinchat":[]},"product_brand":[],"product_cat":[25],"product_tag":[],"yst_prominent_words":[],"class_list":{"0":"post-94793","1":"product","2":"type-product","3":"status-publish","4":"has-post-thumbnail","6":"product_cat-perifericos","7":"product_shipping_class-precio","9":"first","10":"instock","11":"taxable","12":"shipping-taxable","13":"purchasable","14":"product-type-simple"},"acf":{"marca":"","procesador":"","rom":"","ram":""},"yoast_head":"<!-- This site is optimized with the Yoast SEO Premium plugin v14.5 - https:\/\/yoast.com\/wordpress\/plugins\/seo\/ -->\n<title>Base De Microfono LOGITECH Rally COLOR Negro - Saturnotek-Tienda<\/title>\n<meta name=\"robots\" content=\"index, follow\" \/>\n<meta name=\"googlebot\" content=\"index, follow, max-snippet:-1, max-image-preview:large, max-video-preview:-1\" \/>\n<meta name=\"bingbot\" content=\"index, follow, max-snippet:-1, max-image-preview:large, max-video-preview:-1\" \/>\n<link rel=\"canonical\" href=\"https:\/\/saturnotek.com\/hogar\/producto\/94793\/\" \/>\n<meta property=\"og:locale\" content=\"es_ES\" \/>\n<meta property=\"og:type\" content=\"article\" \/>\n<meta property=\"og:title\" content=\"Base De Microfono LOGITECH Rally COLOR Negro - Saturnotek-Tienda\" \/>\n<meta property=\"og:description\" content=\"Base De Microfono LOGITECH Rally COLOR Negro\" \/>\n<meta property=\"og:url\" content=\"https:\/\/saturnotek.com\/hogar\/producto\/94793\/\" \/>\n<meta property=\"og:site_name\" content=\"Saturnotek-Tienda\" \/>\n<meta property=\"article:publisher\" content=\"https:\/\/www.facebook.com\/tiendasaturnotek\" \/>\n<meta property=\"og:image\" content=\"https:\/\/saturnotek.com\/hogar\/wp-content\/uploads\/2022\/02\/989-000430.jpg\" \/>\n\t<meta property=\"og:image:width\" content=\"800\" \/>\n\t<meta property=\"og:image:height\" content=\"800\" \/>\n<meta name=\"twitter:card\" content=\"summary_large_image\" \/>\n<script type=\"application\/ld+json\" class=\"yoast-schema-graph\">{\"@context\":\"https:\/\/schema.org\",\"@graph\":[{\"@type\":\"Organization\",\"@id\":\"https:\/\/saturnotek.com\/hogar\/#organization\",\"name\":\"Saturnotek-Tienda\",\"url\":\"https:\/\/saturnotek.com\/hogar\/\",\"sameAs\":[\"https:\/\/www.facebook.com\/tiendasaturnotek\"],\"logo\":{\"@type\":\"ImageObject\",\"@id\":\"https:\/\/saturnotek.com\/hogar\/#logo\",\"inLanguage\":\"es\",\"url\":\"\",\"width\":600,\"height\":188,\"caption\":\"Saturnotek-Tienda\"},\"image\":{\"@id\":\"https:\/\/saturnotek.com\/hogar\/#logo\"}},{\"@type\":\"WebSite\",\"@id\":\"https:\/\/saturnotek.com\/hogar\/#website\",\"url\":\"https:\/\/saturnotek.com\/hogar\/\",\"name\":\"Saturnotek-Tienda\",\"description\":\"Las mejores marcas tecnol\\u00f3gicas a tu alcance, sin salir de casa.\",\"publisher\":{\"@id\":\"https:\/\/saturnotek.com\/hogar\/#organization\"},\"potentialAction\":[{\"@type\":\"SearchAction\",\"target\":\"https:\/\/saturnotek.com\/hogar\/?s={search_term_string}\",\"query-input\":\"required name=search_term_string\"}],\"inLanguage\":\"es\"},{\"@type\":\"ImageObject\",\"@id\":\"https:\/\/saturnotek.com\/hogar\/producto\/94793\/#primaryimage\",\"inLanguage\":\"es\",\"url\":\"https:\/\/saturnotek.com\/hogar\/wp-content\/uploads\/2022\/02\/989-000430.jpg\",\"width\":800,\"height\":800},{\"@type\":\"WebPage\",\"@id\":\"https:\/\/saturnotek.com\/hogar\/producto\/94793\/#webpage\",\"url\":\"https:\/\/saturnotek.com\/hogar\/producto\/94793\/\",\"name\":\"Base De Microfono LOGITECH Rally COLOR Negro - Saturnotek-Tienda\",\"isPartOf\":{\"@id\":\"https:\/\/saturnotek.com\/hogar\/#website\"},\"primaryImageOfPage\":{\"@id\":\"https:\/\/saturnotek.com\/hogar\/producto\/94793\/#primaryimage\"},\"datePublished\":\"-0001-11-30T00:00:00+00:00\",\"dateModified\":\"-0001-11-30T00:00:00+00:00\",\"breadcrumb\":{\"@id\":\"https:\/\/saturnotek.com\/hogar\/producto\/94793\/#breadcrumb\"},\"inLanguage\":\"es\",\"potentialAction\":[{\"@type\":\"ReadAction\",\"target\":[\"https:\/\/saturnotek.com\/hogar\/producto\/94793\/\"]}]},{\"@type\":\"BreadcrumbList\",\"@id\":\"https:\/\/saturnotek.com\/hogar\/producto\/94793\/#breadcrumb\",\"itemListElement\":[{\"@type\":\"ListItem\",\"position\":1,\"item\":{\"@type\":\"WebPage\",\"@id\":\"https:\/\/saturnotek.com\/hogar\/\",\"url\":\"https:\/\/saturnotek.com\/hogar\/\",\"name\":\"Portada\"}},{\"@type\":\"ListItem\",\"position\":2,\"item\":{\"@type\":\"WebPage\",\"@id\":\"https:\/\/saturnotek.com\/hogar\/tienda-tecnologica-saturnotek\/\",\"url\":\"https:\/\/saturnotek.com\/hogar\/tienda-tecnologica-saturnotek\/\",\"name\":\"Tienda\"}},{\"@type\":\"ListItem\",\"position\":3,\"item\":{\"@type\":\"WebPage\",\"@id\":\"https:\/\/saturnotek.com\/hogar\/producto\/94793\/\",\"url\":\"https:\/\/saturnotek.com\/hogar\/producto\/94793\/\",\"name\":\"Base De Microfono LOGITECH Rally COLOR Negro\"}}]}]}<\/script>\n<!-- \/ Yoast SEO Premium plugin. -->","_links":{"self":[{"href":"https:\/\/saturnotek.com\/hogar\/wp-json\/wp\/v2\/product\/94793","targetHints":{"allow":["GET"]}}],"collection":[{"href":"https:\/\/saturnotek.com\/hogar\/wp-json\/wp\/v2\/product"}],"about":[{"href":"https:\/\/saturnotek.com\/hogar\/wp-json\/wp\/v2\/types\/product"}],"replies":[{"embeddable":true,"href":"https:\/\/saturnotek.com\/hogar\/wp-json\/wp\/v2\/comments?post=94793"}],"wp:featuredmedia":[{"embeddable":true,"href":"https:\/\/saturnotek.com\/hogar\/wp-json\/wp\/v2\/media\/95034"}],"wp:attachment":[{"href":"https:\/\/saturnotek.com\/hogar\/wp-json\/wp\/v2\/media?parent=94793"}],"wp:term":[{"taxonomy":"product_brand","embeddable":true,"href":"https:\/\/saturnotek.com\/hogar\/wp-json\/wp\/v2\/product_brand?post=94793"},{"taxonomy":"product_cat","embeddable":true,"href":"https:\/\/saturnotek.com\/hogar\/wp-json\/wp\/v2\/product_cat?post=94793"},{"taxonomy":"product_tag","embeddable":true,"href":"https:\/\/saturnotek.com\/hogar\/wp-json\/wp\/v2\/product_tag?post=94793"},{"taxonomy":"yst_prominent_words","embeddable":true,"href":"https:\/\/saturnotek.com\/hogar\/wp-json\/wp\/v2\/yst_prominent_words?post=94793"}],"curies":[{"name":"wp","href":"https:\/\/api.w.org\/{rel}","templated":true}]}}