{"id":94842,"date":"-0001-11-30T00:00:00","date_gmt":"-0001-11-30T04:56:16","guid":{"rendered":""},"modified":"-0001-11-30T00:00:00","modified_gmt":"-0001-11-30T05:00:00","slug":"94842","status":"publish","type":"product","link":"https:\/\/saturnotek.com\/hogar\/producto\/94842\/","title":{"rendered":"Aud\u00edfonos BOSE QuietComfort Headphones COLOR Blanco"},"content":{"rendered":"<p>Name: Aud\u00edfonos BOSE QuietComfort Headphones COLOR Blanco <\/p>\n<p>                    Description: Sum\u00e9rgete en una experiencia de audio de alta fidelidad con los auriculares que sellan el sonido y eliminan distracciones. Puedes aislarte completamente del mundo con el modo silencioso, lograr transparencia total con el modo consciente o personalizar ambos a trav\u00e9s de la aplicaci\u00f3n Bose Music. Las almohadillas de felpa brindan comodidad mientras una banda segura mantiene los auriculares en su lugar durante tus desplazamientos. Con hasta 24 horas de duraci\u00f3n de la bater\u00eda, puedes disfrutar de largas sesiones de reproducci\u00f3n. Ajusta el ecualizador para personalizar los graves, agudos y rango medio seg\u00fan tus preferencias. Adem\u00e1s, la tecnolog\u00eda SimpleSync te permite emparejar tus auriculares con una barra de sonido inteligente Bose para disfrutar de tu contenido sin molestar a los dem\u00e1s. <\/p>\n<p>                    Sku: 884367-0200 <\/p>\n","protected":false},"excerpt":{"rendered":"<p>Aud\u00edfonos BOSE QuietComfort Headphones COLOR Blanco<\/p>\n","protected":false},"featured_media":95152,"comment_status":"open","ping_status":"closed","template":"","meta":{"_acf_changed":false,"_et_pb_use_builder":"","_et_pb_old_content":"","_et_gb_content_width":"","_joinchat":[]},"product_brand":[],"product_cat":[19],"product_tag":[],"yst_prominent_words":[],"class_list":{"0":"post-94842","1":"product","2":"type-product","3":"status-publish","4":"has-post-thumbnail","6":"product_cat-accesorios","7":"product_shipping_class-precio","9":"first","10":"instock","11":"taxable","12":"shipping-taxable","13":"purchasable","14":"product-type-simple"},"acf":{"marca":"","procesador":"","rom":"","ram":""},"yoast_head":"<!-- This site is optimized with the Yoast SEO Premium plugin v14.5 - https:\/\/yoast.com\/wordpress\/plugins\/seo\/ -->\n<title>Aud\u00edfonos BOSE QuietComfort Headphones COLOR Blanco - Saturnotek-Tienda<\/title>\n<meta name=\"robots\" content=\"index, follow\" \/>\n<meta name=\"googlebot\" content=\"index, follow, max-snippet:-1, max-image-preview:large, max-video-preview:-1\" \/>\n<meta name=\"bingbot\" content=\"index, follow, max-snippet:-1, max-image-preview:large, max-video-preview:-1\" \/>\n<link rel=\"canonical\" href=\"https:\/\/saturnotek.com\/hogar\/producto\/94842\/\" \/>\n<meta property=\"og:locale\" content=\"es_ES\" \/>\n<meta property=\"og:type\" content=\"article\" \/>\n<meta property=\"og:title\" content=\"Aud\u00edfonos BOSE QuietComfort Headphones COLOR Blanco - Saturnotek-Tienda\" \/>\n<meta property=\"og:description\" content=\"Aud\u00edfonos BOSE QuietComfort Headphones COLOR Blanco\" \/>\n<meta property=\"og:url\" content=\"https:\/\/saturnotek.com\/hogar\/producto\/94842\/\" \/>\n<meta property=\"og:site_name\" content=\"Saturnotek-Tienda\" \/>\n<meta property=\"article:publisher\" content=\"https:\/\/www.facebook.com\/tiendasaturnotek\" \/>\n<meta name=\"twitter:card\" content=\"summary_large_image\" \/>\n<meta name=\"twitter:image\" content=\"https:\/\/saturnotek.com\/hogar\/wp-content\/uploads\/2022\/02\/884367-0200.jpg\" \/>\n<script type=\"application\/ld+json\" class=\"yoast-schema-graph\">{\"@context\":\"https:\/\/schema.org\",\"@graph\":[{\"@type\":\"Organization\",\"@id\":\"https:\/\/saturnotek.com\/hogar\/#organization\",\"name\":\"Saturnotek-Tienda\",\"url\":\"https:\/\/saturnotek.com\/hogar\/\",\"sameAs\":[\"https:\/\/www.facebook.com\/tiendasaturnotek\"],\"logo\":{\"@type\":\"ImageObject\",\"@id\":\"https:\/\/saturnotek.com\/hogar\/#logo\",\"inLanguage\":\"es\",\"url\":\"\",\"width\":600,\"height\":188,\"caption\":\"Saturnotek-Tienda\"},\"image\":{\"@id\":\"https:\/\/saturnotek.com\/hogar\/#logo\"}},{\"@type\":\"WebSite\",\"@id\":\"https:\/\/saturnotek.com\/hogar\/#website\",\"url\":\"https:\/\/saturnotek.com\/hogar\/\",\"name\":\"Saturnotek-Tienda\",\"description\":\"Las mejores marcas tecnol\\u00f3gicas a tu alcance, sin salir de casa.\",\"publisher\":{\"@id\":\"https:\/\/saturnotek.com\/hogar\/#organization\"},\"potentialAction\":[{\"@type\":\"SearchAction\",\"target\":\"https:\/\/saturnotek.com\/hogar\/?s={search_term_string}\",\"query-input\":\"required name=search_term_string\"}],\"inLanguage\":\"es\"},{\"@type\":\"ImageObject\",\"@id\":\"https:\/\/saturnotek.com\/hogar\/producto\/94842\/#primaryimage\",\"inLanguage\":\"es\",\"url\":\"https:\/\/saturnotek.com\/hogar\/wp-content\/uploads\/2022\/02\/884367-0200.jpg\"},{\"@type\":\"WebPage\",\"@id\":\"https:\/\/saturnotek.com\/hogar\/producto\/94842\/#webpage\",\"url\":\"https:\/\/saturnotek.com\/hogar\/producto\/94842\/\",\"name\":\"Aud\\u00edfonos BOSE QuietComfort Headphones COLOR Blanco - Saturnotek-Tienda\",\"isPartOf\":{\"@id\":\"https:\/\/saturnotek.com\/hogar\/#website\"},\"primaryImageOfPage\":{\"@id\":\"https:\/\/saturnotek.com\/hogar\/producto\/94842\/#primaryimage\"},\"datePublished\":\"-0001-11-30T00:00:00+00:00\",\"dateModified\":\"-0001-11-30T00:00:00+00:00\",\"breadcrumb\":{\"@id\":\"https:\/\/saturnotek.com\/hogar\/producto\/94842\/#breadcrumb\"},\"inLanguage\":\"es\",\"potentialAction\":[{\"@type\":\"ReadAction\",\"target\":[\"https:\/\/saturnotek.com\/hogar\/producto\/94842\/\"]}]},{\"@type\":\"BreadcrumbList\",\"@id\":\"https:\/\/saturnotek.com\/hogar\/producto\/94842\/#breadcrumb\",\"itemListElement\":[{\"@type\":\"ListItem\",\"position\":1,\"item\":{\"@type\":\"WebPage\",\"@id\":\"https:\/\/saturnotek.com\/hogar\/\",\"url\":\"https:\/\/saturnotek.com\/hogar\/\",\"name\":\"Portada\"}},{\"@type\":\"ListItem\",\"position\":2,\"item\":{\"@type\":\"WebPage\",\"@id\":\"https:\/\/saturnotek.com\/hogar\/tienda-tecnologica-saturnotek\/\",\"url\":\"https:\/\/saturnotek.com\/hogar\/tienda-tecnologica-saturnotek\/\",\"name\":\"Tienda\"}},{\"@type\":\"ListItem\",\"position\":3,\"item\":{\"@type\":\"WebPage\",\"@id\":\"https:\/\/saturnotek.com\/hogar\/producto\/94842\/\",\"url\":\"https:\/\/saturnotek.com\/hogar\/producto\/94842\/\",\"name\":\"Aud\\u00edfonos BOSE QuietComfort Headphones COLOR Blanco\"}}]}]}<\/script>\n<!-- \/ Yoast SEO Premium plugin. -->","_links":{"self":[{"href":"https:\/\/saturnotek.com\/hogar\/wp-json\/wp\/v2\/product\/94842","targetHints":{"allow":["GET"]}}],"collection":[{"href":"https:\/\/saturnotek.com\/hogar\/wp-json\/wp\/v2\/product"}],"about":[{"href":"https:\/\/saturnotek.com\/hogar\/wp-json\/wp\/v2\/types\/product"}],"replies":[{"embeddable":true,"href":"https:\/\/saturnotek.com\/hogar\/wp-json\/wp\/v2\/comments?post=94842"}],"wp:featuredmedia":[{"embeddable":true,"href":"https:\/\/saturnotek.com\/hogar\/wp-json\/wp\/v2\/media\/95152"}],"wp:attachment":[{"href":"https:\/\/saturnotek.com\/hogar\/wp-json\/wp\/v2\/media?parent=94842"}],"wp:term":[{"taxonomy":"product_brand","embeddable":true,"href":"https:\/\/saturnotek.com\/hogar\/wp-json\/wp\/v2\/product_brand?post=94842"},{"taxonomy":"product_cat","embeddable":true,"href":"https:\/\/saturnotek.com\/hogar\/wp-json\/wp\/v2\/product_cat?post=94842"},{"taxonomy":"product_tag","embeddable":true,"href":"https:\/\/saturnotek.com\/hogar\/wp-json\/wp\/v2\/product_tag?post=94842"},{"taxonomy":"yst_prominent_words","embeddable":true,"href":"https:\/\/saturnotek.com\/hogar\/wp-json\/wp\/v2\/yst_prominent_words?post=94842"}],"curies":[{"name":"wp","href":"https:\/\/api.w.org\/{rel}","templated":true}]}}