{"id":94930,"date":"-0001-11-30T00:00:00","date_gmt":"-0001-11-30T04:56:16","guid":{"rendered":""},"modified":"-0001-11-30T00:00:00","modified_gmt":"-0001-11-30T05:00:00","slug":"94930","status":"publish","type":"product","link":"https:\/\/saturnotek.com\/hogar\/producto\/94930\/","title":{"rendered":"Router TPLINK Deco X20(2-pack) AX1800"},"content":{"rendered":"<p>Name: Router TPLINK Deco X20(2-pack) AX1800 <\/p>\n<p>                    Description: Conexiones m\u00e1s r\u00e1pidas: Wi-Fi 6 velocidades de hasta 1,800 Mbps: 1,201 Mbps en 5 GHz y 574 Mbps en 2.4 GHz. Conecta m\u00e1s dispositivos: tecnolog\u00eda OFDMA y MU-MIMO cuadruplica la capacidad lo que permite la transmisi\u00f3n simult\u00e1nea a m\u00e1s dispositivos. Cobertura cont\u00ednua mejorada: logra una cobertura integral para toda la casa con una se\u00f1al de Wi-Fi m\u00e1s clara y m\u00e1s fuerte generada por Wi-Fi 6. Latencia ultrabaja: una mayor reducci\u00f3n en la latencia permite una mejor respuesta en juegos y video llamadas. Una red unificada: varias unidades forman una red para todo el hogar que selecciona autom\u00e1ticamente la mejor conexi\u00f3n a medida que te desplazas por tu hogar. Seguridad total: el cifrado WPA3 y TP-Link HomeCareTM ofrecen funciones personalizadas, que incluyen control parental, antivirus y calidad de servicio (QoS) para garantizar una experiencia en l\u00ednea m\u00e1s segura. La configuraci\u00f3n se hace m\u00e1s f\u00e1cil que nunca: la aplicaci\u00f3n Deco te gu\u00eda paso a paso a trav\u00e9s de la configuraci\u00f3n. <\/p>\n<p>                    Sku: Deco X20(2-pack) <\/p>\n","protected":false},"excerpt":{"rendered":"<p>Router TPLINK Deco X20(2-pack) AX1800<\/p>\n","protected":false},"featured_media":0,"comment_status":"open","ping_status":"closed","template":"","meta":{"_acf_changed":false,"_et_pb_use_builder":"","_et_pb_old_content":"","_et_gb_content_width":"","_joinchat":[]},"product_brand":[],"product_cat":[23],"product_tag":[],"yst_prominent_words":[],"class_list":{"0":"post-94930","1":"product","2":"type-product","3":"status-publish","5":"product_cat-conectividad","7":"first","8":"instock","9":"taxable","10":"shipping-taxable","11":"purchasable","12":"product-type-simple"},"acf":{"marca":"","procesador":"","rom":"","ram":""},"yoast_head":"<!-- This site is optimized with the Yoast SEO Premium plugin v14.5 - https:\/\/yoast.com\/wordpress\/plugins\/seo\/ -->\n<title>Router TPLINK Deco X20(2-pack) AX1800 - Saturnotek-Tienda<\/title>\n<meta name=\"robots\" content=\"index, follow\" \/>\n<meta name=\"googlebot\" content=\"index, follow, max-snippet:-1, max-image-preview:large, max-video-preview:-1\" \/>\n<meta name=\"bingbot\" content=\"index, follow, max-snippet:-1, max-image-preview:large, max-video-preview:-1\" \/>\n<link rel=\"canonical\" href=\"https:\/\/saturnotek.com\/hogar\/producto\/94930\/\" \/>\n<meta property=\"og:locale\" content=\"es_ES\" \/>\n<meta property=\"og:type\" content=\"article\" \/>\n<meta property=\"og:title\" content=\"Router TPLINK Deco X20(2-pack) AX1800 - Saturnotek-Tienda\" \/>\n<meta property=\"og:description\" content=\"Router TPLINK Deco X20(2-pack) AX1800\" \/>\n<meta property=\"og:url\" content=\"https:\/\/saturnotek.com\/hogar\/producto\/94930\/\" \/>\n<meta property=\"og:site_name\" content=\"Saturnotek-Tienda\" \/>\n<meta property=\"article:publisher\" content=\"https:\/\/www.facebook.com\/tiendasaturnotek\" \/>\n<meta name=\"twitter:card\" content=\"summary_large_image\" \/>\n<script type=\"application\/ld+json\" class=\"yoast-schema-graph\">{\"@context\":\"https:\/\/schema.org\",\"@graph\":[{\"@type\":\"Organization\",\"@id\":\"https:\/\/saturnotek.com\/hogar\/#organization\",\"name\":\"Saturnotek-Tienda\",\"url\":\"https:\/\/saturnotek.com\/hogar\/\",\"sameAs\":[\"https:\/\/www.facebook.com\/tiendasaturnotek\"],\"logo\":{\"@type\":\"ImageObject\",\"@id\":\"https:\/\/saturnotek.com\/hogar\/#logo\",\"inLanguage\":\"es\",\"url\":\"\",\"width\":600,\"height\":188,\"caption\":\"Saturnotek-Tienda\"},\"image\":{\"@id\":\"https:\/\/saturnotek.com\/hogar\/#logo\"}},{\"@type\":\"WebSite\",\"@id\":\"https:\/\/saturnotek.com\/hogar\/#website\",\"url\":\"https:\/\/saturnotek.com\/hogar\/\",\"name\":\"Saturnotek-Tienda\",\"description\":\"Las mejores marcas tecnol\\u00f3gicas a tu alcance, sin salir de casa.\",\"publisher\":{\"@id\":\"https:\/\/saturnotek.com\/hogar\/#organization\"},\"potentialAction\":[{\"@type\":\"SearchAction\",\"target\":\"https:\/\/saturnotek.com\/hogar\/?s={search_term_string}\",\"query-input\":\"required name=search_term_string\"}],\"inLanguage\":\"es\"},{\"@type\":\"WebPage\",\"@id\":\"https:\/\/saturnotek.com\/hogar\/producto\/94930\/#webpage\",\"url\":\"https:\/\/saturnotek.com\/hogar\/producto\/94930\/\",\"name\":\"Router TPLINK Deco X20(2-pack) AX1800 - Saturnotek-Tienda\",\"isPartOf\":{\"@id\":\"https:\/\/saturnotek.com\/hogar\/#website\"},\"datePublished\":\"-0001-11-30T00:00:00+00:00\",\"dateModified\":\"-0001-11-30T00:00:00+00:00\",\"breadcrumb\":{\"@id\":\"https:\/\/saturnotek.com\/hogar\/producto\/94930\/#breadcrumb\"},\"inLanguage\":\"es\",\"potentialAction\":[{\"@type\":\"ReadAction\",\"target\":[\"https:\/\/saturnotek.com\/hogar\/producto\/94930\/\"]}]},{\"@type\":\"BreadcrumbList\",\"@id\":\"https:\/\/saturnotek.com\/hogar\/producto\/94930\/#breadcrumb\",\"itemListElement\":[{\"@type\":\"ListItem\",\"position\":1,\"item\":{\"@type\":\"WebPage\",\"@id\":\"https:\/\/saturnotek.com\/hogar\/\",\"url\":\"https:\/\/saturnotek.com\/hogar\/\",\"name\":\"Portada\"}},{\"@type\":\"ListItem\",\"position\":2,\"item\":{\"@type\":\"WebPage\",\"@id\":\"https:\/\/saturnotek.com\/hogar\/tienda-tecnologica-saturnotek\/\",\"url\":\"https:\/\/saturnotek.com\/hogar\/tienda-tecnologica-saturnotek\/\",\"name\":\"Tienda\"}},{\"@type\":\"ListItem\",\"position\":3,\"item\":{\"@type\":\"WebPage\",\"@id\":\"https:\/\/saturnotek.com\/hogar\/producto\/94930\/\",\"url\":\"https:\/\/saturnotek.com\/hogar\/producto\/94930\/\",\"name\":\"Router TPLINK Deco X20(2-pack) AX1800\"}}]}]}<\/script>\n<!-- \/ Yoast SEO Premium plugin. -->","_links":{"self":[{"href":"https:\/\/saturnotek.com\/hogar\/wp-json\/wp\/v2\/product\/94930","targetHints":{"allow":["GET"]}}],"collection":[{"href":"https:\/\/saturnotek.com\/hogar\/wp-json\/wp\/v2\/product"}],"about":[{"href":"https:\/\/saturnotek.com\/hogar\/wp-json\/wp\/v2\/types\/product"}],"replies":[{"embeddable":true,"href":"https:\/\/saturnotek.com\/hogar\/wp-json\/wp\/v2\/comments?post=94930"}],"wp:attachment":[{"href":"https:\/\/saturnotek.com\/hogar\/wp-json\/wp\/v2\/media?parent=94930"}],"wp:term":[{"taxonomy":"product_brand","embeddable":true,"href":"https:\/\/saturnotek.com\/hogar\/wp-json\/wp\/v2\/product_brand?post=94930"},{"taxonomy":"product_cat","embeddable":true,"href":"https:\/\/saturnotek.com\/hogar\/wp-json\/wp\/v2\/product_cat?post=94930"},{"taxonomy":"product_tag","embeddable":true,"href":"https:\/\/saturnotek.com\/hogar\/wp-json\/wp\/v2\/product_tag?post=94930"},{"taxonomy":"yst_prominent_words","embeddable":true,"href":"https:\/\/saturnotek.com\/hogar\/wp-json\/wp\/v2\/yst_prominent_words?post=94930"}],"curies":[{"name":"wp","href":"https:\/\/api.w.org\/{rel}","templated":true}]}}