{"id":94981,"date":"-0001-11-30T00:00:00","date_gmt":"-0001-11-30T04:56:16","guid":{"rendered":""},"modified":"-0001-11-30T00:00:00","modified_gmt":"-0001-11-30T05:00:00","slug":"94981","status":"publish","type":"product","link":"https:\/\/saturnotek.com\/hogar\/producto\/94981\/","title":{"rendered":"Televisor Samsung FLAT LED Smart TV 98 pulgadas Crystal UHD 4K\u00a0 3"},"content":{"rendered":"<p>Name: Televisor Samsung FLAT LED Smart TV 98 pulgadas Crystal UHD 4K\u00a0 \/3 <\/p>\n<p>                    Description: Televisor Samsung FLAT LED Smart TV 98 pulgadas Crystal UHD 4K\u00a0 \/3,840 x 2,160 \/ DVB-T2 \/ HDR \/LAN\/ WIFI 5\/ Control remoto Solar \/ Soporte ajustable \/ Bluetooth 5.2 \/ Google Meet \/ Multi view\/ AirPlay 2 \/ Bixby desde el control \/modo ambiente\/ Modo Juego\/ HDMI x 4\/ USB x2-A \/abre y edita archivos de Office\/ control de voz\/Garant\u00eda 1 a\u00f1o, Ficha t\u00e9cn <\/p>\n<p>                    Sku: UN98DU9000KXZL <\/p>\n","protected":false},"excerpt":{"rendered":"<p>Televisor Samsung FLAT LED Smart TV 98 pulgadas Crystal UHD 4K\u00a0 \/3<\/p>\n","protected":false},"featured_media":95452,"comment_status":"open","ping_status":"closed","template":"","meta":{"_acf_changed":false,"_et_pb_use_builder":"","_et_pb_old_content":"","_et_gb_content_width":"","_joinchat":[]},"product_brand":[],"product_cat":[25],"product_tag":[],"yst_prominent_words":[],"class_list":{"0":"post-94981","1":"product","2":"type-product","3":"status-publish","4":"has-post-thumbnail","6":"product_cat-perifericos","7":"product_shipping_class-precio","9":"first","10":"instock","11":"featured","12":"taxable","13":"shipping-taxable","14":"purchasable","15":"product-type-simple"},"acf":{"marca":"","procesador":"","rom":"","ram":""},"yoast_head":"<!-- This site is optimized with the Yoast SEO Premium plugin v14.5 - https:\/\/yoast.com\/wordpress\/plugins\/seo\/ -->\n<title>Televisor Samsung FLAT LED Smart TV 98 pulgadas Crystal UHD 4K\u00a0 3 - Saturnotek-Tienda<\/title>\n<meta name=\"robots\" content=\"index, follow\" \/>\n<meta name=\"googlebot\" content=\"index, follow, max-snippet:-1, max-image-preview:large, max-video-preview:-1\" \/>\n<meta name=\"bingbot\" content=\"index, follow, max-snippet:-1, max-image-preview:large, max-video-preview:-1\" \/>\n<link rel=\"canonical\" href=\"https:\/\/saturnotek.com\/hogar\/producto\/94981\/\" \/>\n<meta property=\"og:locale\" content=\"es_ES\" \/>\n<meta property=\"og:type\" content=\"article\" \/>\n<meta property=\"og:title\" content=\"Televisor Samsung FLAT LED Smart TV 98 pulgadas Crystal UHD 4K\u00a0 3 - Saturnotek-Tienda\" \/>\n<meta property=\"og:description\" content=\"Televisor Samsung FLAT LED Smart TV 98 pulgadas Crystal UHD 4K\u00a0 \/3\" \/>\n<meta property=\"og:url\" content=\"https:\/\/saturnotek.com\/hogar\/producto\/94981\/\" \/>\n<meta property=\"og:site_name\" content=\"Saturnotek-Tienda\" \/>\n<meta property=\"article:publisher\" content=\"https:\/\/www.facebook.com\/tiendasaturnotek\" \/>\n<meta name=\"twitter:card\" content=\"summary_large_image\" \/>\n<meta name=\"twitter:image\" content=\"https:\/\/saturnotek.com\/hogar\/wp-content\/uploads\/2022\/02\/UN98DU9000KXZL.jpg\" \/>\n<script type=\"application\/ld+json\" class=\"yoast-schema-graph\">{\"@context\":\"https:\/\/schema.org\",\"@graph\":[{\"@type\":\"Organization\",\"@id\":\"https:\/\/saturnotek.com\/hogar\/#organization\",\"name\":\"Saturnotek-Tienda\",\"url\":\"https:\/\/saturnotek.com\/hogar\/\",\"sameAs\":[\"https:\/\/www.facebook.com\/tiendasaturnotek\"],\"logo\":{\"@type\":\"ImageObject\",\"@id\":\"https:\/\/saturnotek.com\/hogar\/#logo\",\"inLanguage\":\"es\",\"url\":\"\",\"width\":600,\"height\":188,\"caption\":\"Saturnotek-Tienda\"},\"image\":{\"@id\":\"https:\/\/saturnotek.com\/hogar\/#logo\"}},{\"@type\":\"WebSite\",\"@id\":\"https:\/\/saturnotek.com\/hogar\/#website\",\"url\":\"https:\/\/saturnotek.com\/hogar\/\",\"name\":\"Saturnotek-Tienda\",\"description\":\"Las mejores marcas tecnol\\u00f3gicas a tu alcance, sin salir de casa.\",\"publisher\":{\"@id\":\"https:\/\/saturnotek.com\/hogar\/#organization\"},\"potentialAction\":[{\"@type\":\"SearchAction\",\"target\":\"https:\/\/saturnotek.com\/hogar\/?s={search_term_string}\",\"query-input\":\"required name=search_term_string\"}],\"inLanguage\":\"es\"},{\"@type\":\"ImageObject\",\"@id\":\"https:\/\/saturnotek.com\/hogar\/producto\/94981\/#primaryimage\",\"inLanguage\":\"es\",\"url\":\"https:\/\/saturnotek.com\/hogar\/wp-content\/uploads\/2022\/02\/UN98DU9000KXZL.jpg\"},{\"@type\":\"WebPage\",\"@id\":\"https:\/\/saturnotek.com\/hogar\/producto\/94981\/#webpage\",\"url\":\"https:\/\/saturnotek.com\/hogar\/producto\/94981\/\",\"name\":\"Televisor Samsung FLAT LED Smart TV 98 pulgadas Crystal UHD 4K\\u00a0 3 - Saturnotek-Tienda\",\"isPartOf\":{\"@id\":\"https:\/\/saturnotek.com\/hogar\/#website\"},\"primaryImageOfPage\":{\"@id\":\"https:\/\/saturnotek.com\/hogar\/producto\/94981\/#primaryimage\"},\"datePublished\":\"-0001-11-30T00:00:00+00:00\",\"dateModified\":\"-0001-11-30T00:00:00+00:00\",\"breadcrumb\":{\"@id\":\"https:\/\/saturnotek.com\/hogar\/producto\/94981\/#breadcrumb\"},\"inLanguage\":\"es\",\"potentialAction\":[{\"@type\":\"ReadAction\",\"target\":[\"https:\/\/saturnotek.com\/hogar\/producto\/94981\/\"]}]},{\"@type\":\"BreadcrumbList\",\"@id\":\"https:\/\/saturnotek.com\/hogar\/producto\/94981\/#breadcrumb\",\"itemListElement\":[{\"@type\":\"ListItem\",\"position\":1,\"item\":{\"@type\":\"WebPage\",\"@id\":\"https:\/\/saturnotek.com\/hogar\/\",\"url\":\"https:\/\/saturnotek.com\/hogar\/\",\"name\":\"Portada\"}},{\"@type\":\"ListItem\",\"position\":2,\"item\":{\"@type\":\"WebPage\",\"@id\":\"https:\/\/saturnotek.com\/hogar\/tienda-tecnologica-saturnotek\/\",\"url\":\"https:\/\/saturnotek.com\/hogar\/tienda-tecnologica-saturnotek\/\",\"name\":\"Tienda\"}},{\"@type\":\"ListItem\",\"position\":3,\"item\":{\"@type\":\"WebPage\",\"@id\":\"https:\/\/saturnotek.com\/hogar\/producto\/94981\/\",\"url\":\"https:\/\/saturnotek.com\/hogar\/producto\/94981\/\",\"name\":\"Televisor Samsung FLAT LED Smart TV 98 pulgadas Crystal UHD 4K\\u00a0 3\"}}]}]}<\/script>\n<!-- \/ Yoast SEO Premium plugin. -->","_links":{"self":[{"href":"https:\/\/saturnotek.com\/hogar\/wp-json\/wp\/v2\/product\/94981","targetHints":{"allow":["GET"]}}],"collection":[{"href":"https:\/\/saturnotek.com\/hogar\/wp-json\/wp\/v2\/product"}],"about":[{"href":"https:\/\/saturnotek.com\/hogar\/wp-json\/wp\/v2\/types\/product"}],"replies":[{"embeddable":true,"href":"https:\/\/saturnotek.com\/hogar\/wp-json\/wp\/v2\/comments?post=94981"}],"wp:featuredmedia":[{"embeddable":true,"href":"https:\/\/saturnotek.com\/hogar\/wp-json\/wp\/v2\/media\/95452"}],"wp:attachment":[{"href":"https:\/\/saturnotek.com\/hogar\/wp-json\/wp\/v2\/media?parent=94981"}],"wp:term":[{"taxonomy":"product_brand","embeddable":true,"href":"https:\/\/saturnotek.com\/hogar\/wp-json\/wp\/v2\/product_brand?post=94981"},{"taxonomy":"product_cat","embeddable":true,"href":"https:\/\/saturnotek.com\/hogar\/wp-json\/wp\/v2\/product_cat?post=94981"},{"taxonomy":"product_tag","embeddable":true,"href":"https:\/\/saturnotek.com\/hogar\/wp-json\/wp\/v2\/product_tag?post=94981"},{"taxonomy":"yst_prominent_words","embeddable":true,"href":"https:\/\/saturnotek.com\/hogar\/wp-json\/wp\/v2\/yst_prominent_words?post=94981"}],"curies":[{"name":"wp","href":"https:\/\/api.w.org\/{rel}","templated":true}]}}