{"id":95019,"date":"-0001-11-30T00:00:00","date_gmt":"-0001-11-30T04:56:16","guid":{"rendered":""},"modified":"-0001-11-30T00:00:00","modified_gmt":"-0001-11-30T05:00:00","slug":"95019","status":"publish","type":"product","link":"https:\/\/saturnotek.com\/hogar\/producto\/95019\/","title":{"rendered":"C\u00e1mara LOGITECH PTZ Pro 2 Corporativo HD 1080 COLOR Negro"},"content":{"rendered":"<p>Name: C\u00e1mara LOGITECH PTZ Pro 2 Corporativo HD 1080 COLOR Negro <\/p>\n<p>                    Description: Avance en componentes \u00f3pticos y rendimiento. Logitech PTZ Pro 2 ofrece componentes \u00f3pticos de alta gama y videoconferencias de gran realismo para crear la experiencia de sentarse juntos en la misma sala, incluso estando a miles de kil\u00f3metros de distancia. Las mejoras t\u00e9cnicas implementadas optimizan una resoluci\u00f3n extremadamente n\u00edtida, una reproducci\u00f3n excepcional de los colores y una precisi\u00f3n \u00f3ptica incre\u00edble. A la mitad del precio de modelos comparables, no cabe duda de que PTZ Pro 2 es la elecci\u00f3n acertada. Capta la acci\u00f3n en alta definici\u00f3n. PTZ Pro 2 es el complemento perfecto para aulas, auditorios y salas de reuniones grandes. Captura un plano amplio con un campo visual diagonal de 90\u00b0, o conc\u00e9ntrate en presentadores, panelistas y pizarras con controles de panor\u00e1mica e inclinaci\u00f3n flexibles. Una lente zoom de 10x con enfoque autom\u00e1tico encuadra perfectamente a los participantes y sus ayudas visuales, y ofrece detalles y claridad sobresalientes para los participantes remotos y los sistemas de grabaci\u00f3n. F\u00e1cil de configurar y usar. La conectividad USB Plug and Play simplifica al m\u00e1ximo la instalaci\u00f3n y el uso de PTZ Pro 2. Simplemente conecta PTZ Pro 2 a la computadora de la sala de conferencias o a la laptop a trav\u00e9s de USB, y ya tienes todo listo para empezar. Dise\u00f1ada para compatibilidad con aplicaciones de videoconferencia en computadoras Windows y Mac, PTZ Pro 2 complementa cualquier sistema de audio o altavoz. <\/p>\n<p>                    Sku: 960-001184 <\/p>\n","protected":false},"excerpt":{"rendered":"<p>C\u00e1mara LOGITECH PTZ Pro 2 Corporativo HD 1080 COLOR Negro<\/p>\n","protected":false},"featured_media":95554,"comment_status":"open","ping_status":"closed","template":"","meta":{"_acf_changed":false,"_et_pb_use_builder":"","_et_pb_old_content":"","_et_gb_content_width":"","_joinchat":[]},"product_brand":[],"product_cat":[25],"product_tag":[],"yst_prominent_words":[],"class_list":{"0":"post-95019","1":"product","2":"type-product","3":"status-publish","4":"has-post-thumbnail","6":"product_cat-perifericos","7":"product_shipping_class-precio","9":"first","10":"instock","11":"taxable","12":"shipping-taxable","13":"purchasable","14":"product-type-simple"},"acf":{"marca":"","procesador":"","rom":"","ram":""},"yoast_head":"<!-- This site is optimized with the Yoast SEO Premium plugin v14.5 - https:\/\/yoast.com\/wordpress\/plugins\/seo\/ -->\n<title>C\u00e1mara LOGITECH PTZ Pro 2 Corporativo HD 1080 COLOR Negro - Saturnotek-Tienda<\/title>\n<meta name=\"robots\" content=\"index, follow\" \/>\n<meta name=\"googlebot\" content=\"index, follow, max-snippet:-1, max-image-preview:large, max-video-preview:-1\" \/>\n<meta name=\"bingbot\" content=\"index, follow, max-snippet:-1, max-image-preview:large, max-video-preview:-1\" \/>\n<link rel=\"canonical\" href=\"https:\/\/saturnotek.com\/hogar\/producto\/95019\/\" \/>\n<meta property=\"og:locale\" content=\"es_ES\" \/>\n<meta property=\"og:type\" content=\"article\" \/>\n<meta property=\"og:title\" content=\"C\u00e1mara LOGITECH PTZ Pro 2 Corporativo HD 1080 COLOR Negro - Saturnotek-Tienda\" \/>\n<meta property=\"og:description\" content=\"C\u00e1mara LOGITECH PTZ Pro 2 Corporativo HD 1080 COLOR Negro\" \/>\n<meta property=\"og:url\" content=\"https:\/\/saturnotek.com\/hogar\/producto\/95019\/\" \/>\n<meta property=\"og:site_name\" content=\"Saturnotek-Tienda\" \/>\n<meta property=\"article:publisher\" content=\"https:\/\/www.facebook.com\/tiendasaturnotek\" \/>\n<meta property=\"og:image\" content=\"https:\/\/saturnotek.com\/hogar\/wp-content\/uploads\/2022\/02\/960-001184.jpg\" \/>\n\t<meta property=\"og:image:width\" content=\"800\" \/>\n\t<meta property=\"og:image:height\" content=\"800\" \/>\n<meta name=\"twitter:card\" content=\"summary_large_image\" \/>\n<script type=\"application\/ld+json\" class=\"yoast-schema-graph\">{\"@context\":\"https:\/\/schema.org\",\"@graph\":[{\"@type\":\"Organization\",\"@id\":\"https:\/\/saturnotek.com\/hogar\/#organization\",\"name\":\"Saturnotek-Tienda\",\"url\":\"https:\/\/saturnotek.com\/hogar\/\",\"sameAs\":[\"https:\/\/www.facebook.com\/tiendasaturnotek\"],\"logo\":{\"@type\":\"ImageObject\",\"@id\":\"https:\/\/saturnotek.com\/hogar\/#logo\",\"inLanguage\":\"es\",\"url\":\"\",\"width\":600,\"height\":188,\"caption\":\"Saturnotek-Tienda\"},\"image\":{\"@id\":\"https:\/\/saturnotek.com\/hogar\/#logo\"}},{\"@type\":\"WebSite\",\"@id\":\"https:\/\/saturnotek.com\/hogar\/#website\",\"url\":\"https:\/\/saturnotek.com\/hogar\/\",\"name\":\"Saturnotek-Tienda\",\"description\":\"Las mejores marcas tecnol\\u00f3gicas a tu alcance, sin salir de casa.\",\"publisher\":{\"@id\":\"https:\/\/saturnotek.com\/hogar\/#organization\"},\"potentialAction\":[{\"@type\":\"SearchAction\",\"target\":\"https:\/\/saturnotek.com\/hogar\/?s={search_term_string}\",\"query-input\":\"required name=search_term_string\"}],\"inLanguage\":\"es\"},{\"@type\":\"ImageObject\",\"@id\":\"https:\/\/saturnotek.com\/hogar\/producto\/95019\/#primaryimage\",\"inLanguage\":\"es\",\"url\":\"https:\/\/saturnotek.com\/hogar\/wp-content\/uploads\/2022\/02\/960-001184.jpg\",\"width\":800,\"height\":800},{\"@type\":\"WebPage\",\"@id\":\"https:\/\/saturnotek.com\/hogar\/producto\/95019\/#webpage\",\"url\":\"https:\/\/saturnotek.com\/hogar\/producto\/95019\/\",\"name\":\"C\\u00e1mara LOGITECH PTZ Pro 2 Corporativo HD 1080 COLOR Negro - Saturnotek-Tienda\",\"isPartOf\":{\"@id\":\"https:\/\/saturnotek.com\/hogar\/#website\"},\"primaryImageOfPage\":{\"@id\":\"https:\/\/saturnotek.com\/hogar\/producto\/95019\/#primaryimage\"},\"datePublished\":\"-0001-11-30T00:00:00+00:00\",\"dateModified\":\"-0001-11-30T00:00:00+00:00\",\"breadcrumb\":{\"@id\":\"https:\/\/saturnotek.com\/hogar\/producto\/95019\/#breadcrumb\"},\"inLanguage\":\"es\",\"potentialAction\":[{\"@type\":\"ReadAction\",\"target\":[\"https:\/\/saturnotek.com\/hogar\/producto\/95019\/\"]}]},{\"@type\":\"BreadcrumbList\",\"@id\":\"https:\/\/saturnotek.com\/hogar\/producto\/95019\/#breadcrumb\",\"itemListElement\":[{\"@type\":\"ListItem\",\"position\":1,\"item\":{\"@type\":\"WebPage\",\"@id\":\"https:\/\/saturnotek.com\/hogar\/\",\"url\":\"https:\/\/saturnotek.com\/hogar\/\",\"name\":\"Portada\"}},{\"@type\":\"ListItem\",\"position\":2,\"item\":{\"@type\":\"WebPage\",\"@id\":\"https:\/\/saturnotek.com\/hogar\/tienda-tecnologica-saturnotek\/\",\"url\":\"https:\/\/saturnotek.com\/hogar\/tienda-tecnologica-saturnotek\/\",\"name\":\"Tienda\"}},{\"@type\":\"ListItem\",\"position\":3,\"item\":{\"@type\":\"WebPage\",\"@id\":\"https:\/\/saturnotek.com\/hogar\/producto\/95019\/\",\"url\":\"https:\/\/saturnotek.com\/hogar\/producto\/95019\/\",\"name\":\"C\\u00e1mara LOGITECH PTZ Pro 2 Corporativo HD 1080 COLOR Negro\"}}]}]}<\/script>\n<!-- \/ Yoast SEO Premium plugin. -->","_links":{"self":[{"href":"https:\/\/saturnotek.com\/hogar\/wp-json\/wp\/v2\/product\/95019","targetHints":{"allow":["GET"]}}],"collection":[{"href":"https:\/\/saturnotek.com\/hogar\/wp-json\/wp\/v2\/product"}],"about":[{"href":"https:\/\/saturnotek.com\/hogar\/wp-json\/wp\/v2\/types\/product"}],"replies":[{"embeddable":true,"href":"https:\/\/saturnotek.com\/hogar\/wp-json\/wp\/v2\/comments?post=95019"}],"wp:featuredmedia":[{"embeddable":true,"href":"https:\/\/saturnotek.com\/hogar\/wp-json\/wp\/v2\/media\/95554"}],"wp:attachment":[{"href":"https:\/\/saturnotek.com\/hogar\/wp-json\/wp\/v2\/media?parent=95019"}],"wp:term":[{"taxonomy":"product_brand","embeddable":true,"href":"https:\/\/saturnotek.com\/hogar\/wp-json\/wp\/v2\/product_brand?post=95019"},{"taxonomy":"product_cat","embeddable":true,"href":"https:\/\/saturnotek.com\/hogar\/wp-json\/wp\/v2\/product_cat?post=95019"},{"taxonomy":"product_tag","embeddable":true,"href":"https:\/\/saturnotek.com\/hogar\/wp-json\/wp\/v2\/product_tag?post=95019"},{"taxonomy":"yst_prominent_words","embeddable":true,"href":"https:\/\/saturnotek.com\/hogar\/wp-json\/wp\/v2\/yst_prominent_words?post=95019"}],"curies":[{"name":"wp","href":"https:\/\/api.w.org\/{rel}","templated":true}]}}